{"id":579,"date":"2024-01-08T20:03:44","date_gmt":"2024-01-08T19:03:44","guid":{"rendered":"https:\/\/cervezaslaprestosa.com\/?page_id=579"},"modified":"2025-01-10T13:38:43","modified_gmt":"2025-01-10T12:38:43","slug":"puntos-de-venta","status":"publish","type":"page","link":"https:\/\/cervezaslaprestosa.com\/fr\/puntos-de-venta\/","title":{"rendered":"Points de vente"},"content":{"rendered":"<div id=\"fws_69f5b342b9afc\"  data-column-margin=\"default\" data-midnight=\"dark\"  class=\"wpb_row vc_row-fluid vc_row\"  style=\"padding-top: 0px; padding-bottom: 0px; \"><div class=\"row-bg-wrap\" data-bg-animation=\"none\" data-bg-animation-delay=\"\" data-bg-overlay=\"false\"><div class=\"inner-wrap row-bg-layer\" ><div class=\"row-bg viewport-desktop\"  style=\"\"><\/div><\/div><\/div><div class=\"row_col_wrap_12 col span_12 dark left\">\n\t<div  class=\"vc_col-sm-12 wpb_column column_container vc_column_container col no-extra-padding inherit_tablet inherit_phone\"  data-padding-pos=\"all\" data-has-bg-color=\"false\" data-bg-color=\"\" data-bg-opacity=\"1\" data-animation=\"\" data-delay=\"0\" >\n\t\t<div class=\"vc_column-inner\" >\n\t\t\t<div class=\"wpb_wrapper\">\n\t\t\t\t\n<div class=\"wpb_text_column wpb_content_element\" >\n\t<div class=\"wpb_wrapper\">\n\t\t<h1>Points de vente<\/h1>\n\t<\/div>\n<\/div>\n\n\n\n\n<div class=\"wpb_text_column wpb_content_element\" >\n\t<div class=\"wpb_wrapper\">\n\t\t<p>Nos asociamos con l\u00edderes del sector de la hosteler\u00eda. Compartimos la visi\u00f3n com\u00fan de ser pioneras en experiencias gastron\u00f3micas para nuestros clientes que buscan el equilibrio perfecto entre tradici\u00f3n e innovaci\u00f3n.<\/p>\n\t<\/div>\n<\/div>\n\n\n\n\n\t\t\t<\/div> \n\t\t<\/div>\n\t<\/div> \n<\/div><\/div>\n\t\t<div id=\"fws_69f5b342bc209\"  data-column-margin=\"default\" data-midnight=\"dark\" data-top-percent=\"3%\" data-bottom-percent=\"6%\"  class=\"wpb_row vc_row-fluid vc_row full-width-content vc_row-o-equal-height vc_row-flex vc_row-o-content-top  right_padding_8pct left_padding_8pct nectar-overflow-hidden top_padding_tablet_10pct bottom_padding_tablet_15pct left_padding_tablet_8pct\"  style=\"padding-top: calc(100vw * 0.03); padding-bottom: calc(100vw * 0.06); \"><div class=\"row-bg-wrap\" data-bg-animation=\"none\" data-bg-animation-delay=\"\" data-bg-overlay=\"false\"><div class=\"inner-wrap row-bg-layer\" ><div class=\"row-bg viewport-desktop\"  style=\"\"><\/div><\/div><\/div><div class=\"row_col_wrap_12 col span_12 dark left\">\n\t<div  class=\"vc_col-sm-12 wpb_column column_container vc_column_container col no-extra-padding el_spacing_0px inherit_tablet inherit_phone\"  data-padding-pos=\"all\" data-has-bg-color=\"false\" data-bg-color=\"\" data-bg-opacity=\"1\" data-animation=\"\" data-delay=\"0\" >\n\t\t<div class=\"vc_column-inner\" >\n\t\t\t<div class=\"wpb_wrapper\">\n\t\t\t\t<div class=\"nectar-flickity not-initialized nectar-carousel tb-spacing-0\" data-centered-cells=\"false\" data-pause-on-hover=\"true\" data-touch-icon-color=\"default\" data-control-color=\"default\" data-overflow=\"visible\" data-r-bottom-total=\"\" data-drag-scale=\"true\" data-wrap=\"no-wrap\" data-spacing=\"15px\" data-controls=\"next_prev_arrows_overlaid\" data-pagination-alignment=\"default\" data-adaptive-height=\"\" data-border-radius=\"none\" data-column-border=\"\" data-column-padding=\"0\" data-format=\"default\" data-autoplay=\"true\" data-autoplay-dur=\"5000\" data-control-style=\"material_pagination\" data-desktop-columns=\"4\" data-small-desktop-columns=\"3\" data-tablet-columns=\"2\" data-phone-columns=\"1\" data-column-color=\"\"><div class=\"flickity-viewport\"> <div class=\"flickity-slider\"><div class=\"cell\"><div class=\"inner-wrap-outer\"><div class=\"inner-wrap\" ><div class=\"nectar-fancy-box nectar-underline using-img  has-animation content-color-000000 aspect-4-5\"  data-style=\"image_above_text_underline\" data-border-radius=\"default\" data-animation=\"fade-in-from-right\" data-delay=\"0\" data-alignment=\"left\"><div class=\"image-wrap\"><div class=\"box-bg\"  style=\"background-image: url('https:\/\/cervezaslaprestosa.com\/wp-content\/uploads\/2024\/01\/img_4318-601d427046491-1024x682.jpeg'); \"><\/div><\/div>\n\t\t<div class=\"text\">\n<h4>Aramburu<\/h4>\n<p><a href=\"https:\/\/maps.app.goo.gl\/LMBGEXPEPpvuWpLZ9\">C. Fierro, 9 &#8211; Oviedo<\/a><br \/>\n<a href=\"https:\/\/maps.app.goo.gl\/Dj2nc9LfK9CRD6C87\">C. Gran V\u00eda de Agust\u00edn Arg\u00fcelles, 49 &#8211; Ribadesella<\/a><\/div> \n\t\t<\/div><\/div><\/div><\/div><div class=\"cell\"><div class=\"inner-wrap-outer\"><div class=\"inner-wrap\" ><div class=\"nectar-fancy-box nectar-underline using-img  has-animation content-color-000000 aspect-4-5\"  data-style=\"image_above_text_underline\" data-border-radius=\"default\" data-animation=\"fade-in-from-right\" data-delay=\"0\" data-alignment=\"left\"><div class=\"image-wrap\"><div class=\"box-bg\"  style=\"background-image: url('https:\/\/cervezaslaprestosa.com\/wp-content\/uploads\/2024\/01\/photo7jpg.jpg'); \"><\/div><\/div>\n\t\t<div class=\"text\">\n<h4>Camilo de Blas<\/h4>\n<p><a href=\"https:\/\/maps.app.goo.gl\/vQLfatXs5gVmEWn27\">C. Covadonga, 24 &#8211; Gij\u00f3n<\/a><br \/>\n<a href=\"https:\/\/maps.app.goo.gl\/hk7T25NiiZDZLaXf8\">C. Jovellanos, 7, 1 &#8211; Oviedo<\/a><br \/>\n<a href=\"https:\/\/maps.app.goo.gl\/Rt9A1DQH3fML179D8\">C. Sta. Susana, 8 &#8211; Oviedo<\/a><\/div> \n\t\t<\/div><\/div><\/div><\/div><div class=\"cell\"><div class=\"inner-wrap-outer\"><div class=\"inner-wrap\" ><div class=\"nectar-fancy-box nectar-underline using-img  has-animation content-color-000000 aspect-4-5\"  data-style=\"image_above_text_underline\" data-border-radius=\"default\" data-animation=\"fade-in-from-right\" data-delay=\"0\" data-alignment=\"left\"><div class=\"image-wrap\"><div class=\"box-bg\"  style=\"background-image: url('https:\/\/cervezaslaprestosa.com\/wp-content\/uploads\/2024\/01\/14563173737442.jpg'); \"><\/div><\/div>\n\t\t<div class=\"text\">\n<h4>Coalla<\/h4>\n<p><a href=\"https:\/\/maps.app.goo.gl\/bRprVHEsrgpZAi5U7\">C. San Antonio, 8 &#8211; Gij\u00f3n<br \/>\n<\/a><a href=\"https:\/\/maps.app.goo.gl\/DgfRpuf3KAJLcNHA8\">C. Serrano, 203 &#8211; Madrid<br \/>\n<\/a><a href=\"https:\/\/maps.app.goo.gl\/HJsSchVryBn7TW129\">C. Asturias, 14 &#8211; Oviedo<br \/>\n<\/a><\/div> \n\t\t<\/div><\/div><\/div><\/div><div class=\"cell\"><div class=\"inner-wrap-outer\"><div class=\"inner-wrap\" ><div class=\"nectar-fancy-box nectar-underline using-img  has-animation content-color-000000 aspect-4-5\"  data-style=\"image_above_text_underline\" data-border-radius=\"default\" data-animation=\"fade-in-from-right\" data-delay=\"0\" data-alignment=\"left\"><div class=\"image-wrap\"><div class=\"box-bg\"  style=\"background-image: url('https:\/\/cervezaslaprestosa.com\/wp-content\/uploads\/2024\/01\/Kolozero-online-1024x773.jpg'); \"><\/div><\/div>\n\t\t<div class=\"text\">\n<h4>Kolozero<\/h4>\n<p><a href=\"https:\/\/maps.app.goo.gl\/SavnrsQXqB2GW8AM7\">C. San Bernardo, 38 &#8211; Gij\u00f3n<br \/>\n<\/a><\/div> \n\t\t<\/div><\/div><\/div><\/div><div class=\"cell\"><div class=\"inner-wrap-outer\"><div class=\"inner-wrap\" ><div class=\"nectar-fancy-box nectar-underline using-img  has-animation content-color-000000 aspect-4-5\"  data-style=\"image_above_text_underline\" data-border-radius=\"default\" data-animation=\"fade-in-from-right\" data-delay=\"0\" data-alignment=\"left\"><div class=\"image-wrap\"><div class=\"box-bg\"  style=\"background-image: url('https:\/\/cervezaslaprestosa.com\/wp-content\/uploads\/2024\/01\/33.141022-\u00a9mercedesblanco-1-672x1024.jpg'); \"><\/div><\/div>\n\t\t<div class=\"text\">\n<h4>Manduca Selecci\u00f3n<\/h4>\n<p><a href=\"https:\/\/maps.app.goo.gl\/woLC5c37bmV5qeq47\">C. Marqu\u00e9s de Teverga, 4 &#8211; Oviedo<br \/>\n<\/a><\/div> \n\t\t<\/div><\/div><\/div><\/div><div class=\"cell\"><div class=\"inner-wrap-outer\"><div class=\"inner-wrap\" ><div class=\"nectar-fancy-box nectar-underline using-img  has-animation content-color-000000 aspect-4-5\"  data-style=\"image_above_text_underline\" data-border-radius=\"default\" data-animation=\"fade-in-from-right\" data-delay=\"0\" data-alignment=\"left\"><div class=\"image-wrap\"><div class=\"box-bg\"  style=\"background-image: url('https:\/\/cervezaslaprestosa.com\/wp-content\/uploads\/2024\/01\/1.jpg'); \"><\/div><\/div>\n\t\t<div class=\"text\">\n<h4>Moncr\u00e9s<\/h4>\n<p><a href=\"https:\/\/maps.app.goo.gl\/GagrHwq2cQsALRA6A\">C. Doctor Grande Covi\u00e1n, 2 &#8211; Colunga<br \/>\n<\/a><\/div> \n\t\t<\/div><\/div><\/div><\/div><div class=\"cell\"><div class=\"inner-wrap-outer\"><div class=\"inner-wrap\" ><div class=\"nectar-fancy-box nectar-underline using-img  has-animation content-color-000000 aspect-4-5\"  data-style=\"image_above_text_underline\" data-border-radius=\"default\" data-animation=\"fade-in-from-right\" data-delay=\"0\" data-alignment=\"left\"><div class=\"image-wrap\"><div class=\"box-bg\"  style=\"background-image: url('https:\/\/cervezaslaprestosa.com\/wp-content\/uploads\/2024\/01\/2021-02-03-1024x576.png'); \"><\/div><\/div>\n\t\t<div class=\"text\">\n<h4>Organic Productos Ecol\u00f3gicos<\/h4>\n<p><a href=\"https:\/\/maps.app.goo.gl\/ge139bnmSosk2CkbA\">C. de Campomanes, 16 &#8211; Oviedo<br \/>\n<\/a><\/div> \n\t\t<\/div><\/div><\/div><\/div><div class=\"cell\"><div class=\"inner-wrap-outer\"><div class=\"inner-wrap\" ><div class=\"nectar-fancy-box nectar-underline using-img  has-animation content-color-000000 aspect-4-5\"  data-style=\"image_above_text_underline\" data-border-radius=\"default\" data-animation=\"fade-in-from-right\" data-delay=\"0\" data-alignment=\"left\"><div class=\"image-wrap\"><div class=\"box-bg\"  style=\"background-image: url('https:\/\/cervezaslaprestosa.com\/wp-content\/uploads\/2024\/01\/348s.jpg'); \"><\/div><\/div>\n\t\t<div class=\"text\">\n<h4>Riodi<\/h4>\n<p><a href=\"https:\/\/maps.app.goo.gl\/JzgjFzBNNDqvqyYz6\">C. Matem\u00e1tico Pedrayes, 7 &#8211; Oviedo<br \/>\n<\/a><\/div> \n\t\t<\/div><\/div><\/div><\/div><div class=\"cell\"><div class=\"inner-wrap-outer\"><div class=\"inner-wrap\" ><div class=\"nectar-fancy-box nectar-underline using-img  has-animation content-color-000000 aspect-4-5\"  data-style=\"image_above_text_underline\" data-border-radius=\"default\" data-animation=\"fade-in-from-right\" data-delay=\"0\" data-alignment=\"left\"><div class=\"image-wrap\"><div class=\"box-bg\"  style=\"background-image: url('https:\/\/cervezaslaprestosa.com\/wp-content\/uploads\/2024\/01\/122109740_112826933934510_7564174837032607344_n-1024x973.jpg'); \"><\/div><\/div>\n\t\t<div class=\"text\">\n<h4>La Viajera Sibarita<\/h4>\n<p><a href=\"https:\/\/maps.app.goo.gl\/D5BoKUFeF9YR3jCa8\">C. Valle Ballina y Fern\u00e1ndez, 1 &#8211; Villaviciosa<br \/>\n<\/a><\/div> \n\t\t<\/div><\/div><\/div><\/div><div class=\"cell\"><div class=\"inner-wrap-outer\"><div class=\"inner-wrap\" ><div class=\"nectar-fancy-box nectar-underline using-img  has-animation content-color-000000 aspect-4-5\"  data-style=\"image_above_text_underline\" data-border-radius=\"default\" data-animation=\"fade-in-from-right\" data-delay=\"0\" data-alignment=\"left\"><div class=\"image-wrap\"><div class=\"box-bg\"  style=\"background-image: url('https:\/\/cervezaslaprestosa.com\/wp-content\/uploads\/2024\/01\/shop_large_la_cestina.jpg'); \"><\/div><\/div>\n\t\t<div class=\"text\">\n<h4>La Cestina de la G\u00fcela<\/h4>\n<p><a href=\"https:\/\/maps.app.goo.gl\/VzE1oGRY8P1ekq3D7\">C. de Ferraz, 53 &#8211; Madrid<\/a><\/div> \n\t\t<\/div><\/div><\/div><\/div><div class=\"cell\"><div class=\"inner-wrap-outer\"><div class=\"inner-wrap\" ><div class=\"nectar-fancy-box nectar-underline using-img  has-animation content-color-000000 aspect-4-5\"  data-style=\"image_above_text_underline\" data-border-radius=\"default\" data-animation=\"fade-in-from-right\" data-delay=\"0\" data-alignment=\"left\"><div class=\"image-wrap\"><div class=\"box-bg\"  style=\"background-image: url('https:\/\/cervezaslaprestosa.com\/wp-content\/uploads\/2024\/01\/3787a27f115825f3c2fd6b1ceaf13ac8.jpg'); \"><\/div><\/div>\n\t\t<div class=\"text\">\n<h4>Sr. L\u00fapulo<\/h4>\n<p><a href=\"https:\/\/maps.app.goo.gl\/zq3hieUjqvovHE8u9\">C. San Antonio, 5 &#8211; Gij\u00f3n<\/a><\/div> \n\t\t<\/div><\/div><\/div><\/div><div class=\"cell\"><div class=\"inner-wrap-outer\"><div class=\"inner-wrap\" ><div class=\"nectar-fancy-box nectar-underline using-img  has-animation content-color-000000 aspect-4-5\"  data-style=\"image_above_text_underline\" data-border-radius=\"default\" data-animation=\"fade-in-from-right\" data-delay=\"0\" data-alignment=\"left\"><div class=\"image-wrap\"><div class=\"box-bg\"  style=\"background-image: url('https:\/\/cervezaslaprestosa.com\/wp-content\/uploads\/2024\/01\/narc2-800x479-1.jpeg'); \"><\/div><\/div>\n\t\t<div class=\"text\">\n<h4>Narcea Gourmet<\/h4>\n<p><a href=\"https:\/\/maps.app.goo.gl\/J2tNZyEGgbew7Fx78\">C. Mayor, 22 &#8211; Cangas del Narcea<\/a><\/div> \n\t\t<\/div><\/div><\/div><\/div><\/div><\/div><\/div>\n\t\t\t<\/div> \n\t\t<\/div>\n\t<\/div> \n<\/div><\/div>\n\t\t<div id=\"fws_69f5b342c8e80\"  data-column-margin=\"default\" data-midnight=\"dark\" data-top-percent=\"3%\" data-bottom-percent=\"3%\"  class=\"wpb_row vc_row-fluid vc_row full-width-section  right_padding_20pct left_padding_20pct\"  style=\"padding-top: calc(100vw * 0.03); padding-bottom: calc(100vw * 0.03); \"><div class=\"row-bg-wrap\" data-bg-animation=\"none\" data-bg-animation-delay=\"\" data-bg-overlay=\"false\"><div class=\"inner-wrap row-bg-layer\" ><div class=\"row-bg viewport-desktop\"  style=\"\"><\/div><\/div><\/div><div class=\"row_col_wrap_12 col span_12 dark left\">\n\t<div  class=\"vc_col-sm-12 wpb_column column_container vc_column_container col centered-text no-extra-padding inherit_tablet inherit_phone\"  data-padding-pos=\"all\" data-has-bg-color=\"false\" data-bg-color=\"\" data-bg-opacity=\"1\" data-animation=\"\" data-delay=\"0\" >\n\t\t<div class=\"vc_column-inner\" >\n\t\t\t<div class=\"wpb_wrapper\">\n\t\t\t\t\n<div class=\"wpb_text_column wpb_content_element  vc_custom_1704743200829\" >\n\t<div class=\"wpb_wrapper\">\n\t\t<h5>Preg\u00fantanos<\/h5>\n\t<\/div>\n<\/div>\n\n\n\n\n<div class=\"wpb_text_column wpb_content_element  vc_custom_1704743229528\" style=\" max-width: 800px; display: inline-block;\">\n\t<div class=\"wpb_wrapper\">\n\t\t<h2>\u00bfEres\u00a0<em>hostelero\u00a0<\/em>o\u00a0<em>distribuidor\u00a0<\/em>y buscas la mejor cerveza?<\/h2>\n\t<\/div>\n<\/div>\n\n\n\n<div class=\"divider-wrap\" data-alignment=\"default\"><div style=\"height: 10px;\" class=\"divider\"><\/div><\/div><div id=\"fws_69f5b342cbd4f\" data-midnight=\"\" data-column-margin=\"default\" class=\"wpb_row vc_row-fluid vc_row inner_row  right_padding_20pct left_padding_20pct\"  style=\"\"><div class=\"row-bg-wrap\"> <div class=\"row-bg\" ><\/div> <\/div><div class=\"row_col_wrap_12_inner col span_12  left\">\n\t<div  class=\"vc_col-sm-12 wpb_column column_container vc_column_container col child_column no-extra-padding inherit_tablet inherit_phone\"   data-padding-pos=\"all\" data-has-bg-color=\"false\" data-bg-color=\"\" data-bg-opacity=\"1\" data-animation=\"\" data-delay=\"0\" >\n\t\t<div class=\"vc_column-inner\" >\n\t\t<div class=\"wpb_wrapper\">\n\t\t\t\n<div class=\"wpcf7 no-js\" id=\"wpcf7-f596-o1\" lang=\"es-ES\" dir=\"ltr\" data-wpcf7-id=\"596\">\n<div class=\"screen-reader-response\"><p role=\"status\" aria-live=\"polite\" aria-atomic=\"true\"><\/p> <ul><\/ul><\/div>\n<form action=\"\/fr\/wp-json\/wp\/v2\/pages\/579#wpcf7-f596-o1\" method=\"post\" class=\"wpcf7-form init\" aria-label=\"Formulario de contacto\" novalidate=\"novalidate\" data-status=\"init\" data-trp-original-action=\"\/fr\/wp-json\/wp\/v2\/pages\/579#wpcf7-f596-o1\">\n<fieldset class=\"hidden-fields-container\"><input type=\"hidden\" name=\"_wpcf7\" value=\"596\" \/><input type=\"hidden\" name=\"_wpcf7_version\" value=\"6.1.5\" \/><input type=\"hidden\" name=\"_wpcf7_locale\" value=\"es_ES\" \/><input type=\"hidden\" name=\"_wpcf7_unit_tag\" value=\"wpcf7-f596-o1\" \/><input type=\"hidden\" name=\"_wpcf7_container_post\" value=\"0\" \/><input type=\"hidden\" name=\"_wpcf7_posted_data_hash\" value=\"\" \/>\n<\/fieldset>\n<p><label> Nom et pr\u00e9nom<br \/>\n<span class=\"wpcf7-form-control-wrap\" data-name=\"nombre\"><input size=\"40\" maxlength=\"400\" class=\"wpcf7-form-control wpcf7-text wpcf7-validates-as-required\" autocomplete=\"name\" aria-required=\"true\" aria-invalid=\"false\" value=\"\" type=\"text\" name=\"nombre\" \/><\/span> <\/label>\n<\/p>\n<p><label> Votre adresse e-mail<br \/>\n<span class=\"wpcf7-form-control-wrap\" data-name=\"email\"><input size=\"40\" maxlength=\"400\" class=\"wpcf7-form-control wpcf7-email wpcf7-validates-as-required wpcf7-text wpcf7-validates-as-email\" autocomplete=\"email\" aria-required=\"true\" aria-invalid=\"false\" value=\"\" type=\"email\" name=\"email\" \/><\/span> <\/label>\n<\/p>\n<p><label> Nombre del negocio<br \/>\n<span class=\"wpcf7-form-control-wrap\" data-name=\"negocio\"><input size=\"40\" maxlength=\"400\" class=\"wpcf7-form-control wpcf7-text wpcf7-validates-as-required\" aria-required=\"true\" aria-invalid=\"false\" value=\"\" type=\"text\" name=\"negocio\" \/><\/span> <\/label>\n<\/p>\n<p><label> Tel\u00e9fono<br \/>\n<span class=\"wpcf7-form-control-wrap\" data-name=\"tel\"><input size=\"40\" maxlength=\"400\" class=\"wpcf7-form-control wpcf7-tel wpcf7-validates-as-required wpcf7-text wpcf7-validates-as-tel\" aria-required=\"true\" aria-invalid=\"false\" value=\"\" type=\"tel\" name=\"tel\" \/><\/span> <\/label>\n<\/p>\n<p><input class=\"wpcf7-form-control wpcf7-submit has-spinner\" type=\"submit\" value=\"Envoyer\" \/>\n<\/p><div class=\"wpcf7-response-output\" aria-hidden=\"true\"><\/div>\n<input type=\"hidden\" name=\"trp-form-language\" value=\"fr\"\/><\/form>\n<\/div>\n\n\t\t<\/div> \n\t<\/div>\n\t<\/div> \n<\/div><\/div>\n\t\t\t<\/div> \n\t\t<\/div>\n\t<\/div> \n<\/div><\/div>","protected":false},"excerpt":{"rendered":"Puntos de venta Nos asociamos con l\u00edderes del sector de la hosteler\u00eda. Compartimos la visi\u00f3n com\u00fan de ser...","protected":false},"author":1,"featured_media":0,"parent":0,"menu_order":0,"comment_status":"closed","ping_status":"closed","template":"","meta":{"footnotes":""},"class_list":["post-579","page","type-page","status-publish"],"yoast_head":"<!-- This site is optimized with the Yoast SEO plugin v24.2 - https:\/\/yoast.com\/wordpress\/plugins\/seo\/ -->\n<title>Puntos de venta - Cervezas La Prestosa<\/title>\n<meta name=\"description\" content=\"Bares, sidrer\u00edas, restaurantes, cafeter\u00edas, hoteles, y tiendas gourmet. Todos los sitios donde puedes disfrutar de nuestras cervezas.\" \/>\n<meta name=\"robots\" content=\"index, follow, max-snippet:-1, max-image-preview:large, max-video-preview:-1\" \/>\n<link rel=\"canonical\" href=\"https:\/\/cervezaslaprestosa.com\/fr\/puntos-de-venta\/\" \/>\n<meta property=\"og:locale\" content=\"fr_FR\" \/>\n<meta property=\"og:type\" content=\"article\" \/>\n<meta property=\"og:title\" content=\"Puntos de venta - Cervezas La Prestosa\" \/>\n<meta property=\"og:description\" content=\"Bares, sidrer\u00edas, restaurantes, cafeter\u00edas, hoteles, y tiendas gourmet. Todos los sitios donde puedes disfrutar de nuestras cervezas.\" \/>\n<meta property=\"og:url\" content=\"https:\/\/cervezaslaprestosa.com\/fr\/puntos-de-venta\/\" \/>\n<meta property=\"og:site_name\" content=\"Cervezas La Prestosa\" \/>\n<meta property=\"article:modified_time\" content=\"2025-01-10T12:38:43+00:00\" \/>\n<meta property=\"og:image\" content=\"https:\/\/cervezaslaprestosa.com\/wp-content\/uploads\/2024\/07\/Prestosina06-1.jpg\" \/>\n\t<meta property=\"og:image:width\" content=\"1280\" \/>\n\t<meta property=\"og:image:height\" content=\"853\" \/>\n\t<meta property=\"og:image:type\" content=\"image\/jpeg\" \/>\n<meta name=\"twitter:card\" content=\"summary_large_image\" \/>\n<meta name=\"twitter:label1\" content=\"Dur\u00e9e de lecture estim\u00e9e\" \/>\n\t<meta name=\"twitter:data1\" content=\"3 minutes\" \/>\n<script type=\"application\/ld+json\" class=\"yoast-schema-graph\">{\"@context\":\"https:\/\/schema.org\",\"@graph\":[{\"@type\":\"WebPage\",\"@id\":\"https:\/\/cervezaslaprestosa.com\/puntos-de-venta\/\",\"url\":\"https:\/\/cervezaslaprestosa.com\/puntos-de-venta\/\",\"name\":\"Puntos de venta - Cervezas La Prestosa\",\"isPartOf\":{\"@id\":\"https:\/\/cervezaslaprestosa.com\/#website\"},\"datePublished\":\"2024-01-08T19:03:44+00:00\",\"dateModified\":\"2025-01-10T12:38:43+00:00\",\"description\":\"Bares, sidrer\u00edas, restaurantes, cafeter\u00edas, hoteles, y tiendas gourmet. Todos los sitios donde puedes disfrutar de nuestras cervezas.\",\"breadcrumb\":{\"@id\":\"https:\/\/cervezaslaprestosa.com\/puntos-de-venta\/#breadcrumb\"},\"inLanguage\":\"fr-FR\",\"potentialAction\":[{\"@type\":\"ReadAction\",\"target\":[\"https:\/\/cervezaslaprestosa.com\/puntos-de-venta\/\"]}]},{\"@type\":\"BreadcrumbList\",\"@id\":\"https:\/\/cervezaslaprestosa.com\/puntos-de-venta\/#breadcrumb\",\"itemListElement\":[{\"@type\":\"ListItem\",\"position\":1,\"name\":\"Portada\",\"item\":\"https:\/\/cervezaslaprestosa.com\/\"},{\"@type\":\"ListItem\",\"position\":2,\"name\":\"Puntos de venta\"}]},{\"@type\":\"WebSite\",\"@id\":\"https:\/\/cervezaslaprestosa.com\/#website\",\"url\":\"https:\/\/cervezaslaprestosa.com\/\",\"name\":\"Cervezas La Prestosa\",\"description\":\"Cerveza artesana sin gluten con toque de ortiga\",\"publisher\":{\"@id\":\"https:\/\/cervezaslaprestosa.com\/#organization\"},\"potentialAction\":[{\"@type\":\"SearchAction\",\"target\":{\"@type\":\"EntryPoint\",\"urlTemplate\":\"https:\/\/cervezaslaprestosa.com\/?s={search_term_string}\"},\"query-input\":{\"@type\":\"PropertyValueSpecification\",\"valueRequired\":true,\"valueName\":\"search_term_string\"}}],\"inLanguage\":\"fr-FR\"},{\"@type\":\"Organization\",\"@id\":\"https:\/\/cervezaslaprestosa.com\/#organization\",\"name\":\"Cervezas La Prestosa\",\"url\":\"https:\/\/cervezaslaprestosa.com\/\",\"logo\":{\"@type\":\"ImageObject\",\"inLanguage\":\"fr-FR\",\"@id\":\"https:\/\/cervezaslaprestosa.com\/#\/schema\/logo\/image\/\",\"url\":\"https:\/\/cervezaslaprestosa.com\/wp-content\/uploads\/2024\/01\/logo-dark-e1704653076574.png\",\"contentUrl\":\"https:\/\/cervezaslaprestosa.com\/wp-content\/uploads\/2024\/01\/logo-dark-e1704653076574.png\",\"width\":200,\"height\":200,\"caption\":\"Cervezas La Prestosa\"},\"image\":{\"@id\":\"https:\/\/cervezaslaprestosa.com\/#\/schema\/logo\/image\/\"},\"sameAs\":[\"https:\/\/www.linkedin.com\/company\/cervezas-la-prestosa\/\",\"https:\/\/www.instagram.com\/laprestosacervezas\/\"]}]}<\/script>\n<!-- \/ Yoast SEO plugin. -->","yoast_head_json":{"title":"Puntos de venta - Cervezas La Prestosa","description":"Bares, sidrer\u00edas, restaurantes, cafeter\u00edas, hoteles, y tiendas gourmet. Todos los sitios donde puedes disfrutar de nuestras cervezas.","robots":{"index":"index","follow":"follow","max-snippet":"max-snippet:-1","max-image-preview":"max-image-preview:large","max-video-preview":"max-video-preview:-1"},"canonical":"https:\/\/cervezaslaprestosa.com\/fr\/puntos-de-venta\/","og_locale":"fr_FR","og_type":"article","og_title":"Puntos de venta - Cervezas La Prestosa","og_description":"Bares, sidrer\u00edas, restaurantes, cafeter\u00edas, hoteles, y tiendas gourmet. Todos los sitios donde puedes disfrutar de nuestras cervezas.","og_url":"https:\/\/cervezaslaprestosa.com\/fr\/puntos-de-venta\/","og_site_name":"Cervezas La Prestosa","article_modified_time":"2025-01-10T12:38:43+00:00","og_image":[{"width":1280,"height":853,"url":"https:\/\/cervezaslaprestosa.com\/wp-content\/uploads\/2024\/07\/Prestosina06-1.jpg","type":"image\/jpeg"}],"twitter_card":"summary_large_image","twitter_misc":{"Dur\u00e9e de lecture estim\u00e9e":"3 minutes"},"schema":{"@context":"https:\/\/schema.org","@graph":[{"@type":"WebPage","@id":"https:\/\/cervezaslaprestosa.com\/puntos-de-venta\/","url":"https:\/\/cervezaslaprestosa.com\/puntos-de-venta\/","name":"Puntos de venta - Cervezas La Prestosa","isPartOf":{"@id":"https:\/\/cervezaslaprestosa.com\/#website"},"datePublished":"2024-01-08T19:03:44+00:00","dateModified":"2025-01-10T12:38:43+00:00","description":"Bares, sidrer\u00edas, restaurantes, cafeter\u00edas, hoteles, y tiendas gourmet. Todos los sitios donde puedes disfrutar de nuestras cervezas.","breadcrumb":{"@id":"https:\/\/cervezaslaprestosa.com\/puntos-de-venta\/#breadcrumb"},"inLanguage":"fr-FR","potentialAction":[{"@type":"ReadAction","target":["https:\/\/cervezaslaprestosa.com\/puntos-de-venta\/"]}]},{"@type":"BreadcrumbList","@id":"https:\/\/cervezaslaprestosa.com\/puntos-de-venta\/#breadcrumb","itemListElement":[{"@type":"ListItem","position":1,"name":"Portada","item":"https:\/\/cervezaslaprestosa.com\/"},{"@type":"ListItem","position":2,"name":"Puntos de venta"}]},{"@type":"WebSite","@id":"https:\/\/cervezaslaprestosa.com\/#website","url":"https:\/\/cervezaslaprestosa.com\/","name":"Cervezas La Prestosa","description":"Cerveza artesana sin gluten con toque de ortiga","publisher":{"@id":"https:\/\/cervezaslaprestosa.com\/#organization"},"potentialAction":[{"@type":"SearchAction","target":{"@type":"EntryPoint","urlTemplate":"https:\/\/cervezaslaprestosa.com\/?s={search_term_string}"},"query-input":{"@type":"PropertyValueSpecification","valueRequired":true,"valueName":"search_term_string"}}],"inLanguage":"fr-FR"},{"@type":"Organization","@id":"https:\/\/cervezaslaprestosa.com\/#organization","name":"Cervezas La Prestosa","url":"https:\/\/cervezaslaprestosa.com\/","logo":{"@type":"ImageObject","inLanguage":"fr-FR","@id":"https:\/\/cervezaslaprestosa.com\/#\/schema\/logo\/image\/","url":"https:\/\/cervezaslaprestosa.com\/wp-content\/uploads\/2024\/01\/logo-dark-e1704653076574.png","contentUrl":"https:\/\/cervezaslaprestosa.com\/wp-content\/uploads\/2024\/01\/logo-dark-e1704653076574.png","width":200,"height":200,"caption":"Cervezas La Prestosa"},"image":{"@id":"https:\/\/cervezaslaprestosa.com\/#\/schema\/logo\/image\/"},"sameAs":["https:\/\/www.linkedin.com\/company\/cervezas-la-prestosa\/","https:\/\/www.instagram.com\/laprestosacervezas\/"]}]}},"_links":{"self":[{"href":"https:\/\/cervezaslaprestosa.com\/fr\/wp-json\/wp\/v2\/pages\/579","targetHints":{"allow":["GET"]}}],"collection":[{"href":"https:\/\/cervezaslaprestosa.com\/fr\/wp-json\/wp\/v2\/pages"}],"about":[{"href":"https:\/\/cervezaslaprestosa.com\/fr\/wp-json\/wp\/v2\/types\/page"}],"author":[{"embeddable":true,"href":"https:\/\/cervezaslaprestosa.com\/fr\/wp-json\/wp\/v2\/users\/1"}],"replies":[{"embeddable":true,"href":"https:\/\/cervezaslaprestosa.com\/fr\/wp-json\/wp\/v2\/comments?post=579"}],"version-history":[{"count":16,"href":"https:\/\/cervezaslaprestosa.com\/fr\/wp-json\/wp\/v2\/pages\/579\/revisions"}],"predecessor-version":[{"id":889,"href":"https:\/\/cervezaslaprestosa.com\/fr\/wp-json\/wp\/v2\/pages\/579\/revisions\/889"}],"wp:attachment":[{"href":"https:\/\/cervezaslaprestosa.com\/fr\/wp-json\/wp\/v2\/media?parent=579"}],"curies":[{"name":"wp","href":"https:\/\/api.w.org\/{rel}","templated":true}]}}