{"id":855,"date":"2024-11-22T18:10:07","date_gmt":"2024-11-22T17:10:07","guid":{"rendered":"https:\/\/www.laprestosa.pmc33.com\/?page_id=724"},"modified":"2025-01-10T13:34:28","modified_gmt":"2025-01-10T12:34:28","slug":"home","status":"publish","type":"page","link":"https:\/\/cervezaslaprestosa.com\/fr\/","title":{"rendered":"Home"},"content":{"rendered":"<div id=\"fws_69f26a7d83db4\"  data-column-margin=\"default\" data-midnight=\"dark\"  class=\"wpb_row vc_row-fluid vc_row  top_margin_0px\"  style=\"padding-top: 0px; padding-bottom: 0px; \"><div class=\"row-bg-wrap\" data-bg-animation=\"none\" data-bg-animation-delay=\"\" data-bg-overlay=\"false\"><div class=\"inner-wrap row-bg-layer\" ><div class=\"row-bg viewport-desktop\"  style=\"\"><\/div><\/div><\/div><div class=\"row_col_wrap_12 col span_12 dark left\">\n\t<div  class=\"vc_col-sm-12 wpb_column column_container vc_column_container col no-extra-padding inherit_tablet inherit_phone\"  data-padding-pos=\"all\" data-has-bg-color=\"false\" data-bg-color=\"\" data-bg-opacity=\"1\" data-animation=\"\" data-delay=\"0\" >\n\t\t<div class=\"vc_column-inner\" >\n\t\t\t<div class=\"wpb_wrapper\">\n\t\t\t\t\n\t\t\t<\/div> \n\t\t<\/div>\n\t<\/div> \n<\/div><\/div>\n\t\t<div id=\"fws_69f26a7d84400\"  data-column-margin=\"default\" data-midnight=\"dark\"  class=\"wpb_row vc_row-fluid vc_row\"  style=\"padding-top: 0px; padding-bottom: 0px; \"><div class=\"row-bg-wrap\" data-bg-animation=\"none\" data-bg-animation-delay=\"\" data-bg-overlay=\"false\"><div class=\"inner-wrap row-bg-layer\" ><div class=\"row-bg viewport-desktop\"  style=\"\"><\/div><\/div><\/div><div class=\"row_col_wrap_12 col span_12 dark left\">\n\t<div  class=\"vc_col-sm-12 wpb_column column_container vc_column_container col no-extra-padding inherit_tablet inherit_phone\"  data-padding-pos=\"all\" data-has-bg-color=\"false\" data-bg-color=\"\" data-bg-opacity=\"1\" data-animation=\"\" data-delay=\"0\" >\n\t\t<div class=\"vc_column-inner\" >\n\t\t\t<div class=\"wpb_wrapper\">\n\t\t\t\t<div class='nectar-post-grid-wrap text-color-light spacing-5px' data-el-settings='{\"post_type\":\"post\",\"pagination\":\"none\",\"image_size\":\"large\",\"parallax_scrolling\":\"\",\"aspect_ratio_image_size\":\"\",\"category_position\":\"default\",\"category_display\":\"default\",\"display_categories\":\"0\",\"display_excerpt\":\"0\",\"excerpt_length\":\"20\",\"display_date\":\"0\",\"display_estimated_reading_time\":\"0\",\"display_author\":\"0\",\"author_functionality\":\"default\",\"author_position\":\"default\",\"color_overlay\":\"\",\"color_overlay_opacity\":\"0.3\",\"color_overlay_hover_opacity\":\"0.4\",\"card_bg_color\":\"\",\"grid_style\":\"content_overlaid\",\"hover_effect\":\"zoom\",\"post_title_overlay\":\"\",\"heading_tag\":\"h2\",\"enable_gallery_lightbox\":\"0\",\"category_style\":\"underline\",\"overlay_secondary_project_image\":\"\",\"vertical_list_hover_effect\":\"none\",\"vertical_list_read_more\":\"\",\"read_more_button\":\"0\",\"animation\":\"none\"}' data-style='content_overlaid' data-query='{\"post_type\":\"post\",\"posts_per_page\":\"3\",\"order\":\"DESC\",\"orderby\":\"date\",\"offset\":\"0\",\"cpt_name\":\"post\",\"custom_query_tax\":\"\",\"ignore_sticky_posts\":\"\"}' data-load-more-color='black' data-load-more-text='Load More'><div class=\"nectar-post-grid-filters\" data-active-color=\"default\" data-align=\"default\" data-animation=\"none\" data-sortable=\"\"><h4>Filter<\/h4><div><a href=\"#\" class=\"active all-filter\" data-total-count=\"6\" data-filter=\"-1\">All<\/a><a href=\"#\" data-filter=\"conservacion\" data-total-count=\"1\">conservation<\/a><a href=\"#\" data-filter=\"elaboracion\" data-total-count=\"4\">Elaboration<\/a><a href=\"#\" data-filter=\"noticias\" data-total-count=\"1\">actualit\u00e9s<\/a><\/div><\/div><div class=\"nectar-post-grid custom_font_size_32px text-opacity-1 text-opacity-hover-1 category-position-before-title\" data-indicator=\"\" data-indicator-style=\"default\" data-indicator-text-color=\"#fff\" data-indicator-color=\"#000\" data-indicator-text=\"View\" data-columns=\"3\" data-hover-effect=\"zoom\" data-text-style=\"default\" data-border-radius=\"none\" data-grid-item-height=\"30vh\" data-grid-spacing=\"5px\" data-text-layout=\"all_bottom_left_shadow\" data-text-color=\"light\" data-text-hover-color=\"light\" data-shadow-hover=\"\" data-animation=\"none\" data-animation-stagger=\"90\" data-cat-click=\"default\" ><div class=\"nectar-post-grid-item\" data-post-id=\"875\" data-has-img=\"true\"> <div class=\"inner\"><div class=\"nectar-post-grid-item-bg-wrap\"><div class=\"nectar-post-grid-item-bg-wrap-inner\"><div class=\"nectar-post-grid-item-bg\"><img loading=\"lazy\" decoding=\"async\" width=\"1024\" height=\"682\" src=\"https:\/\/cervezaslaprestosa.com\/wp-content\/uploads\/2025\/01\/faucet-3632550_1280-1-1024x682.jpg\" class=\"attachment-large size-large wp-post-image\" alt=\"\" srcset=\"https:\/\/cervezaslaprestosa.com\/wp-content\/uploads\/2025\/01\/faucet-3632550_1280-1-1024x682.jpg 1024w, https:\/\/cervezaslaprestosa.com\/wp-content\/uploads\/2025\/01\/faucet-3632550_1280-1-300x200.jpg 300w, https:\/\/cervezaslaprestosa.com\/wp-content\/uploads\/2025\/01\/faucet-3632550_1280-1-768x512.jpg 768w, https:\/\/cervezaslaprestosa.com\/wp-content\/uploads\/2025\/01\/faucet-3632550_1280-1-18x12.jpg 18w, https:\/\/cervezaslaprestosa.com\/wp-content\/uploads\/2025\/01\/faucet-3632550_1280-1-900x600.jpg 900w, https:\/\/cervezaslaprestosa.com\/wp-content\/uploads\/2025\/01\/faucet-3632550_1280-1.jpg 1280w\" sizes=\"auto, (max-width: 1024px) 100vw, 1024px\" \/><\/div><\/div><\/div><div class=\"bg-overlay\"  data-opacity=\"0.3\" data-hover-opacity=\"0.4\"><\/div><div class=\"content\"><a class=\"nectar-post-grid-link\" href=\"https:\/\/cervezaslaprestosa.com\/fr\/conservacion-temperatura-y-envases-claves-para-disfrutar-de-la-cerveza-al-maximo\/\" aria-label=\"Conservation, temp\u00e9rature et conditionnement: les cl\u00e9s de la d\u00e9gustation d&#039;une bi\u00e8re de qualit\u00e9\"><\/a><div class=\"item-main\"><h2 class=\"post-heading\"><a href=\"https:\/\/cervezaslaprestosa.com\/fr\/conservacion-temperatura-y-envases-claves-para-disfrutar-de-la-cerveza-al-maximo\/\"><span>Conservation, temp\u00e9rature et conditionnement: les cl\u00e9s de la d\u00e9gustation d'une bi\u00e8re de qualit\u00e9<\/span><\/a><\/h2><\/div><\/div><\/div><\/div><div class=\"nectar-post-grid-item\" data-post-id=\"870\" data-has-img=\"true\"> <div class=\"inner\"><div class=\"nectar-post-grid-item-bg-wrap\"><div class=\"nectar-post-grid-item-bg-wrap-inner\"><div class=\"nectar-post-grid-item-bg\"><img loading=\"lazy\" decoding=\"async\" width=\"1024\" height=\"682\" src=\"https:\/\/cervezaslaprestosa.com\/wp-content\/uploads\/2025\/01\/bottles-1866945_1280-1-1024x682.jpg\" class=\"attachment-large size-large wp-post-image\" alt=\"\" srcset=\"https:\/\/cervezaslaprestosa.com\/wp-content\/uploads\/2025\/01\/bottles-1866945_1280-1-1024x682.jpg 1024w, https:\/\/cervezaslaprestosa.com\/wp-content\/uploads\/2025\/01\/bottles-1866945_1280-1-300x200.jpg 300w, https:\/\/cervezaslaprestosa.com\/wp-content\/uploads\/2025\/01\/bottles-1866945_1280-1-768x512.jpg 768w, https:\/\/cervezaslaprestosa.com\/wp-content\/uploads\/2025\/01\/bottles-1866945_1280-1-18x12.jpg 18w, https:\/\/cervezaslaprestosa.com\/wp-content\/uploads\/2025\/01\/bottles-1866945_1280-1-900x600.jpg 900w, https:\/\/cervezaslaprestosa.com\/wp-content\/uploads\/2025\/01\/bottles-1866945_1280-1.jpg 1280w\" sizes=\"auto, (max-width: 1024px) 100vw, 1024px\" \/><\/div><\/div><\/div><div class=\"bg-overlay\"  data-opacity=\"0.3\" data-hover-opacity=\"0.4\"><\/div><div class=\"content\"><a class=\"nectar-post-grid-link\" href=\"https:\/\/cervezaslaprestosa.com\/fr\/la-evolucion-de-la-cerveza-industrial-en-espana-del-siglo-xx-a-hoy\/\" aria-label=\"L&#039;\u00e9volution de la bi\u00e8re industrielle en Espagne : du XXe si\u00e8cle \u00e0 nos jours\"><\/a><div class=\"item-main\"><h2 class=\"post-heading\"><a href=\"https:\/\/cervezaslaprestosa.com\/fr\/la-evolucion-de-la-cerveza-industrial-en-espana-del-siglo-xx-a-hoy\/\"><span>L'\u00e9volution de la bi\u00e8re industrielle en Espagne : du XXe si\u00e8cle \u00e0 nos jours<\/span><\/a><\/h2><\/div><\/div><\/div><\/div><div class=\"nectar-post-grid-item\" data-post-id=\"818\" data-has-img=\"true\"> <div class=\"inner\"><div class=\"nectar-post-grid-item-bg-wrap\"><div class=\"nectar-post-grid-item-bg-wrap-inner\"><div class=\"nectar-post-grid-item-bg\"><img loading=\"lazy\" decoding=\"async\" width=\"1024\" height=\"700\" src=\"https:\/\/cervezaslaprestosa.com\/wp-content\/uploads\/2024\/12\/64bed6f0c638b27825f2e973f79151cd-1536x1050-1-1024x700.jpg\" class=\"attachment-large size-large wp-post-image\" alt=\"\" srcset=\"https:\/\/cervezaslaprestosa.com\/wp-content\/uploads\/2024\/12\/64bed6f0c638b27825f2e973f79151cd-1536x1050-1-1024x700.jpg 1024w, https:\/\/cervezaslaprestosa.com\/wp-content\/uploads\/2024\/12\/64bed6f0c638b27825f2e973f79151cd-1536x1050-1-300x205.jpg 300w, https:\/\/cervezaslaprestosa.com\/wp-content\/uploads\/2024\/12\/64bed6f0c638b27825f2e973f79151cd-1536x1050-1-768x525.jpg 768w, https:\/\/cervezaslaprestosa.com\/wp-content\/uploads\/2024\/12\/64bed6f0c638b27825f2e973f79151cd-1536x1050-1.jpg 1536w\" sizes=\"auto, (max-width: 1024px) 100vw, 1024px\" \/><\/div><\/div><\/div><div class=\"bg-overlay\"  data-opacity=\"0.3\" data-hover-opacity=\"0.4\"><\/div><div class=\"content\"><a class=\"nectar-post-grid-link\" href=\"https:\/\/cervezaslaprestosa.com\/fr\/dos-estrellas-michelin-y-una-cerveza-muy-prestosa-los-restaurantes-que-apuestan-por-el-sabor-unico\/\" aria-label=\"Deux \u00e9toiles Michelin et une bi\u00e8re tr\u00e8s Prestosa: des restaurants aux saveurs uniques\"><\/a><div class=\"item-main\"><h2 class=\"post-heading\"><a href=\"https:\/\/cervezaslaprestosa.com\/fr\/dos-estrellas-michelin-y-una-cerveza-muy-prestosa-los-restaurantes-que-apuestan-por-el-sabor-unico\/\"><span>Deux \u00e9toiles Michelin et une bi\u00e8re tr\u00e8s Prestosa: des restaurants aux saveurs uniques<\/span><\/a><\/h2><\/div><\/div><\/div><\/div><\/div><\/div>\n\t\t\t<\/div> \n\t\t<\/div>\n\t<\/div> \n<\/div><\/div>\n\t\t<div id=\"puntos\"  data-column-margin=\"default\" data-midnight=\"dark\"  class=\"wpb_row vc_row-fluid vc_row full-width-content vc_row-o-equal-height vc_row-flex vc_row-o-content-middle\"  style=\"padding-top: 0px; padding-bottom: 0px; \"><div class=\"row-bg-wrap\" data-bg-animation=\"none\" data-bg-animation-delay=\"\" data-bg-overlay=\"false\"><div class=\"inner-wrap row-bg-layer\" ><div class=\"row-bg viewport-desktop\"  style=\"\"><\/div><\/div><\/div><div class=\"row_col_wrap_12 col span_12 dark left\">\n\t<div  class=\"vc_col-sm-2 wpb_column column_container vc_column_container col no-extra-padding inherit_tablet inherit_phone\"  data-padding-pos=\"all\" data-has-bg-color=\"false\" data-bg-color=\"\" data-bg-opacity=\"1\" data-animation=\"\" data-delay=\"0\" >\n\t\t<div class=\"vc_column-inner\" >\n\t\t\t<div class=\"wpb_wrapper\">\n\t\t\t\t\n\t\t\t<\/div> \n\t\t<\/div>\n\t<\/div> \n\n\t<div  class=\"vc_col-sm-8 wpb_column column_container vc_column_container col no-extra-padding inherit_tablet inherit_phone\"  data-padding-pos=\"all\" data-has-bg-color=\"false\" data-bg-color=\"\" data-bg-opacity=\"1\" data-animation=\"\" data-delay=\"0\" >\n\t\t<div class=\"vc_column-inner\" >\n\t\t\t<div class=\"wpb_wrapper\">\n\t\t\t\t\n\t<div class=\"wpb_raw_code wpb_content_element wpb_raw_html\" >\n\t\t<div class=\"wpb_wrapper\">\n\t\t\t<iframe loading=\"lazy\" src=\"https:\/\/www.google.com\/maps\/d\/u\/1\/embed?mid=1r8vlYSzCAcJvovAi8a8PKyujEGHaFmg&ehbc=2E312F&noprof=1\" width=\"940\" height=\"580\"><\/iframe>\n\t\t<\/div>\n\t<\/div>\n\n\t\t\t<\/div> \n\t\t<\/div>\n\t<\/div> \n\n\t<div  class=\"vc_col-sm-2 wpb_column column_container vc_column_container col no-extra-padding inherit_tablet inherit_phone\"  data-padding-pos=\"all\" data-has-bg-color=\"false\" data-bg-color=\"\" data-bg-opacity=\"1\" data-animation=\"\" data-delay=\"0\" >\n\t\t<div class=\"vc_column-inner\" >\n\t\t\t<div class=\"wpb_wrapper\">\n\t\t\t\t\n\t\t\t<\/div> \n\t\t<\/div>\n\t<\/div> \n<\/div><\/div>","protected":false},"excerpt":{"rendered":"En el mundo gastron\u00f3mico, donde la innovaci\u00f3n y la calidad marcan la diferencia, dos restaurantes han elevado la...","protected":false},"author":1,"featured_media":0,"parent":0,"menu_order":0,"comment_status":"closed","ping_status":"closed","template":"","meta":{"footnotes":""},"class_list":["post-855","page","type-page","status-publish"],"yoast_head":"<!-- This site is optimized with the Yoast SEO plugin v24.2 - https:\/\/yoast.com\/wordpress\/plugins\/seo\/ -->\n<title>Cervezas La Prestosa<\/title>\n<meta name=\"description\" content=\"Cerveza artesana sin gluten con un toque de ortiga, que presta, es agradable y produce gusto.\" \/>\n<meta name=\"robots\" content=\"index, follow, max-snippet:-1, max-image-preview:large, max-video-preview:-1\" \/>\n<link rel=\"canonical\" href=\"https:\/\/cervezaslaprestosa.com\/fr\/\" \/>\n<meta property=\"og:locale\" content=\"fr_FR\" \/>\n<meta property=\"og:type\" content=\"article\" \/>\n<meta property=\"og:title\" content=\"Cervezas La Prestosa\" \/>\n<meta property=\"og:description\" content=\"Cerveza artesana sin gluten con un toque de ortiga, que presta, es agradable y produce gusto.\" \/>\n<meta property=\"og:url\" content=\"https:\/\/cervezaslaprestosa.com\/fr\/\" \/>\n<meta property=\"og:site_name\" content=\"Cervezas La Prestosa\" \/>\n<meta property=\"article:modified_time\" content=\"2025-01-10T12:34:28+00:00\" \/>\n<meta property=\"og:image\" content=\"https:\/\/cervezaslaprestosa.com\/wp-content\/uploads\/2024\/07\/Prestosina06-1.jpg\" \/>\n\t<meta property=\"og:image:width\" content=\"1280\" \/>\n\t<meta property=\"og:image:height\" content=\"853\" \/>\n\t<meta property=\"og:image:type\" content=\"image\/jpeg\" \/>\n<meta name=\"twitter:card\" content=\"summary_large_image\" \/>\n<meta name=\"twitter:label1\" content=\"Dur\u00e9e de lecture estim\u00e9e\" \/>\n\t<meta name=\"twitter:data1\" content=\"1 minute\" \/>\n<script type=\"application\/ld+json\" class=\"yoast-schema-graph\">{\"@context\":\"https:\/\/schema.org\",\"@graph\":[{\"@type\":\"WebPage\",\"@id\":\"https:\/\/cervezaslaprestosa.com\/\",\"url\":\"https:\/\/cervezaslaprestosa.com\/\",\"name\":\"Cervezas La Prestosa\",\"isPartOf\":{\"@id\":\"https:\/\/cervezaslaprestosa.com\/#website\"},\"datePublished\":\"2024-11-22T17:10:07+00:00\",\"dateModified\":\"2025-01-10T12:34:28+00:00\",\"description\":\"Cerveza artesana sin gluten con un toque de ortiga, que presta, es agradable y produce gusto.\",\"breadcrumb\":{\"@id\":\"https:\/\/cervezaslaprestosa.com\/#breadcrumb\"},\"inLanguage\":\"fr-FR\",\"potentialAction\":[{\"@type\":\"ReadAction\",\"target\":[\"https:\/\/cervezaslaprestosa.com\/\"]}]},{\"@type\":\"BreadcrumbList\",\"@id\":\"https:\/\/cervezaslaprestosa.com\/#breadcrumb\",\"itemListElement\":[{\"@type\":\"ListItem\",\"position\":1,\"name\":\"Portada\",\"item\":\"https:\/\/cervezaslaprestosa.com\/\"},{\"@type\":\"ListItem\",\"position\":2,\"name\":\"Home\"}]},{\"@type\":\"WebSite\",\"@id\":\"https:\/\/cervezaslaprestosa.com\/#website\",\"url\":\"https:\/\/cervezaslaprestosa.com\/\",\"name\":\"Cervezas La Prestosa\",\"description\":\"Cerveza artesana sin gluten con toque de ortiga\",\"publisher\":{\"@id\":\"https:\/\/cervezaslaprestosa.com\/#organization\"},\"potentialAction\":[{\"@type\":\"SearchAction\",\"target\":{\"@type\":\"EntryPoint\",\"urlTemplate\":\"https:\/\/cervezaslaprestosa.com\/?s={search_term_string}\"},\"query-input\":{\"@type\":\"PropertyValueSpecification\",\"valueRequired\":true,\"valueName\":\"search_term_string\"}}],\"inLanguage\":\"fr-FR\"},{\"@type\":\"Organization\",\"@id\":\"https:\/\/cervezaslaprestosa.com\/#organization\",\"name\":\"Cervezas La Prestosa\",\"url\":\"https:\/\/cervezaslaprestosa.com\/\",\"logo\":{\"@type\":\"ImageObject\",\"inLanguage\":\"fr-FR\",\"@id\":\"https:\/\/cervezaslaprestosa.com\/#\/schema\/logo\/image\/\",\"url\":\"https:\/\/cervezaslaprestosa.com\/wp-content\/uploads\/2024\/01\/logo-dark-e1704653076574.png\",\"contentUrl\":\"https:\/\/cervezaslaprestosa.com\/wp-content\/uploads\/2024\/01\/logo-dark-e1704653076574.png\",\"width\":200,\"height\":200,\"caption\":\"Cervezas La Prestosa\"},\"image\":{\"@id\":\"https:\/\/cervezaslaprestosa.com\/#\/schema\/logo\/image\/\"},\"sameAs\":[\"https:\/\/www.linkedin.com\/company\/cervezas-la-prestosa\/\",\"https:\/\/www.instagram.com\/laprestosacervezas\/\"]}]}<\/script>\n<!-- \/ Yoast SEO plugin. -->","yoast_head_json":{"title":"Cervezas La Prestosa","description":"Cerveza artesana sin gluten con un toque de ortiga, que presta, es agradable y produce gusto.","robots":{"index":"index","follow":"follow","max-snippet":"max-snippet:-1","max-image-preview":"max-image-preview:large","max-video-preview":"max-video-preview:-1"},"canonical":"https:\/\/cervezaslaprestosa.com\/fr\/","og_locale":"fr_FR","og_type":"article","og_title":"Cervezas La Prestosa","og_description":"Cerveza artesana sin gluten con un toque de ortiga, que presta, es agradable y produce gusto.","og_url":"https:\/\/cervezaslaprestosa.com\/fr\/","og_site_name":"Cervezas La Prestosa","article_modified_time":"2025-01-10T12:34:28+00:00","og_image":[{"width":1280,"height":853,"url":"https:\/\/cervezaslaprestosa.com\/wp-content\/uploads\/2024\/07\/Prestosina06-1.jpg","type":"image\/jpeg"}],"twitter_card":"summary_large_image","twitter_misc":{"Dur\u00e9e de lecture estim\u00e9e":"1 minute"},"schema":{"@context":"https:\/\/schema.org","@graph":[{"@type":"WebPage","@id":"https:\/\/cervezaslaprestosa.com\/","url":"https:\/\/cervezaslaprestosa.com\/","name":"Cervezas La Prestosa","isPartOf":{"@id":"https:\/\/cervezaslaprestosa.com\/#website"},"datePublished":"2024-11-22T17:10:07+00:00","dateModified":"2025-01-10T12:34:28+00:00","description":"Cerveza artesana sin gluten con un toque de ortiga, que presta, es agradable y produce gusto.","breadcrumb":{"@id":"https:\/\/cervezaslaprestosa.com\/#breadcrumb"},"inLanguage":"fr-FR","potentialAction":[{"@type":"ReadAction","target":["https:\/\/cervezaslaprestosa.com\/"]}]},{"@type":"BreadcrumbList","@id":"https:\/\/cervezaslaprestosa.com\/#breadcrumb","itemListElement":[{"@type":"ListItem","position":1,"name":"Portada","item":"https:\/\/cervezaslaprestosa.com\/"},{"@type":"ListItem","position":2,"name":"Home"}]},{"@type":"WebSite","@id":"https:\/\/cervezaslaprestosa.com\/#website","url":"https:\/\/cervezaslaprestosa.com\/","name":"Cervezas La Prestosa","description":"Cerveza artesana sin gluten con toque de ortiga","publisher":{"@id":"https:\/\/cervezaslaprestosa.com\/#organization"},"potentialAction":[{"@type":"SearchAction","target":{"@type":"EntryPoint","urlTemplate":"https:\/\/cervezaslaprestosa.com\/?s={search_term_string}"},"query-input":{"@type":"PropertyValueSpecification","valueRequired":true,"valueName":"search_term_string"}}],"inLanguage":"fr-FR"},{"@type":"Organization","@id":"https:\/\/cervezaslaprestosa.com\/#organization","name":"Cervezas La Prestosa","url":"https:\/\/cervezaslaprestosa.com\/","logo":{"@type":"ImageObject","inLanguage":"fr-FR","@id":"https:\/\/cervezaslaprestosa.com\/#\/schema\/logo\/image\/","url":"https:\/\/cervezaslaprestosa.com\/wp-content\/uploads\/2024\/01\/logo-dark-e1704653076574.png","contentUrl":"https:\/\/cervezaslaprestosa.com\/wp-content\/uploads\/2024\/01\/logo-dark-e1704653076574.png","width":200,"height":200,"caption":"Cervezas La Prestosa"},"image":{"@id":"https:\/\/cervezaslaprestosa.com\/#\/schema\/logo\/image\/"},"sameAs":["https:\/\/www.linkedin.com\/company\/cervezas-la-prestosa\/","https:\/\/www.instagram.com\/laprestosacervezas\/"]}]}},"_links":{"self":[{"href":"https:\/\/cervezaslaprestosa.com\/fr\/wp-json\/wp\/v2\/pages\/855","targetHints":{"allow":["GET"]}}],"collection":[{"href":"https:\/\/cervezaslaprestosa.com\/fr\/wp-json\/wp\/v2\/pages"}],"about":[{"href":"https:\/\/cervezaslaprestosa.com\/fr\/wp-json\/wp\/v2\/types\/page"}],"author":[{"embeddable":true,"href":"https:\/\/cervezaslaprestosa.com\/fr\/wp-json\/wp\/v2\/users\/1"}],"replies":[{"embeddable":true,"href":"https:\/\/cervezaslaprestosa.com\/fr\/wp-json\/wp\/v2\/comments?post=855"}],"version-history":[{"count":1,"href":"https:\/\/cervezaslaprestosa.com\/fr\/wp-json\/wp\/v2\/pages\/855\/revisions"}],"predecessor-version":[{"id":856,"href":"https:\/\/cervezaslaprestosa.com\/fr\/wp-json\/wp\/v2\/pages\/855\/revisions\/856"}],"wp:attachment":[{"href":"https:\/\/cervezaslaprestosa.com\/fr\/wp-json\/wp\/v2\/media?parent=855"}],"curies":[{"name":"wp","href":"https:\/\/api.w.org\/{rel}","templated":true}]}}